{"id":15,"date":"2019-10-11T08:11:23","date_gmt":"2019-10-11T08:11:23","guid":{"rendered":"http:\/\/maler-buettner.de\/?page_id=15"},"modified":"2021-10-27T07:40:34","modified_gmt":"2021-10-27T07:40:34","slug":"referenzen","status":"publish","type":"page","link":"https:\/\/maler-buettner.de\/?page_id=15","title":{"rendered":"Referenzen"},"content":{"rendered":"\n<p>\n\nNamhafte Kunden (er)h\u00e4lt man durch Qualit\u00e4t und Zuverl\u00e4ssigkeit\n\n<\/p>\n\n\n\n<div class=\"wp-block-columns has-2-columns\">\n<div class=\"wp-block-column\">\n<figure class=\"wp-block-image\"><a href=\"https:\/\/maler-buettner.de\/?page_id=113\"><img loading=\"lazy\" width=\"500\" height=\"328\" src=\"https:\/\/maler-buettner.de\/wp-content\/uploads\/2019\/10\/gcv_2678.jpg\" alt=\"\" class=\"wp-image-59\" srcset=\"https:\/\/maler-buettner.de\/wp-content\/uploads\/2019\/10\/gcv_2678.jpg 500w, https:\/\/maler-buettner.de\/wp-content\/uploads\/2019\/10\/gcv_2678-300x197.jpg 300w\" sizes=\"(max-width: 500px) 100vw, 500px\" \/><\/a><figcaption> Gonsenheimer Carneval Verein 1892 e.V. <\/figcaption><\/figure>\n<\/div>\n\n\n\n<div class=\"wp-block-column\">\n<figure class=\"wp-block-image\"><a href=\"https:\/\/maler-buettner.de\/?page_id=137\"><img loading=\"lazy\" width=\"500\" height=\"333\" src=\"https:\/\/maler-buettner.de\/wp-content\/uploads\/2019\/10\/casino_9566-67.jpg\" alt=\"\" class=\"wp-image-61\" srcset=\"https:\/\/maler-buettner.de\/wp-content\/uploads\/2019\/10\/casino_9566-67.jpg 500w, https:\/\/maler-buettner.de\/wp-content\/uploads\/2019\/10\/casino_9566-67-300x200.jpg 300w\" sizes=\"(max-width: 500px) 100vw, 500px\" \/><\/a><figcaption> Casino Wiesbaden Automatenspiel <\/figcaption><\/figure>\n\n\n\n<p><\/p>\n<\/div>\n<\/div>\n\n\n\n<div class=\"wp-block-columns has-2-columns\">\n<div class=\"wp-block-column\">\n<figure class=\"wp-block-image\"><a href=\"https:\/\/maler-buettner.de\/?page_id=145\"><img loading=\"lazy\" width=\"500\" height=\"328\" src=\"https:\/\/maler-buettner.de\/wp-content\/uploads\/2019\/10\/ibm_2999.jpg\" alt=\"\" class=\"wp-image-63\" srcset=\"https:\/\/maler-buettner.de\/wp-content\/uploads\/2019\/10\/ibm_2999.jpg 500w, https:\/\/maler-buettner.de\/wp-content\/uploads\/2019\/10\/ibm_2999-300x197.jpg 300w\" sizes=\"(max-width: 500px) 100vw, 500px\" \/><\/a><figcaption>IBM Niederlassung Frankfurt<\/figcaption><\/figure>\n\n\n\n<figure class=\"wp-block-image\"><a href=\"https:\/\/maler-buettner.de\/?page_id=179\"><img loading=\"lazy\" width=\"500\" height=\"328\" src=\"https:\/\/maler-buettner.de\/wp-content\/uploads\/2019\/10\/gl-kayser-lager_2875.jpg\" alt=\"\" class=\"wp-image-70\" srcset=\"https:\/\/maler-buettner.de\/wp-content\/uploads\/2019\/10\/gl-kayser-lager_2875.jpg 500w, https:\/\/maler-buettner.de\/wp-content\/uploads\/2019\/10\/gl-kayser-lager_2875-300x197.jpg 300w\" sizes=\"(max-width: 500px) 100vw, 500px\" \/><\/a><figcaption>G.L. Kayer Lager Grosheim<\/figcaption><\/figure>\n\n\n\n<figure class=\"wp-block-image\"><a href=\"https:\/\/maler-buettner.de\/?page_id=192\"><img loading=\"lazy\" width=\"500\" height=\"328\" src=\"https:\/\/maler-buettner.de\/wp-content\/uploads\/2019\/10\/rechenzentren_3008.jpg\" alt=\"\" class=\"wp-image-69\" srcset=\"https:\/\/maler-buettner.de\/wp-content\/uploads\/2019\/10\/rechenzentren_3008.jpg 500w, https:\/\/maler-buettner.de\/wp-content\/uploads\/2019\/10\/rechenzentren_3008-300x197.jpg 300w\" sizes=\"(max-width: 500px) 100vw, 500px\" \/><\/a><figcaption>Rechenzentren<\/figcaption><\/figure>\n\n\n\n<figure class=\"wp-block-image\"><a href=\"https:\/\/maler-buettner.de\/?page_id=202\"><img loading=\"lazy\" width=\"500\" height=\"328\" src=\"https:\/\/maler-buettner.de\/wp-content\/uploads\/2019\/10\/swr_0033.jpg\" alt=\"\" class=\"wp-image-72\" srcset=\"https:\/\/maler-buettner.de\/wp-content\/uploads\/2019\/10\/swr_0033.jpg 500w, https:\/\/maler-buettner.de\/wp-content\/uploads\/2019\/10\/swr_0033-300x197.jpg 300w\" sizes=\"(max-width: 500px) 100vw, 500px\" \/><\/a><figcaption>SWR Mainz<\/figcaption><\/figure>\n\n\n\n<figure class=\"wp-block-image\"><a href=\"https:\/\/maler-buettner.de\/?page_id=224\"><img loading=\"lazy\" width=\"500\" height=\"328\" src=\"https:\/\/maler-buettner.de\/wp-content\/uploads\/2019\/10\/arbeitsamt_0109.jpg\" alt=\"\" class=\"wp-image-74\" srcset=\"https:\/\/maler-buettner.de\/wp-content\/uploads\/2019\/10\/arbeitsamt_0109.jpg 500w, https:\/\/maler-buettner.de\/wp-content\/uploads\/2019\/10\/arbeitsamt_0109-300x197.jpg 300w\" sizes=\"(max-width: 500px) 100vw, 500px\" \/><\/a><figcaption>Arbeitsamt Mainz<\/figcaption><\/figure>\n\n\n\n<figure class=\"wp-block-image\"><a href=\"https:\/\/maler-buettner.de\/?page_id=231\"><img loading=\"lazy\" width=\"500\" height=\"328\" src=\"https:\/\/maler-buettner.de\/wp-content\/uploads\/2019\/10\/privathaus-1_2830.jpg\" alt=\"\" class=\"wp-image-75\" srcset=\"https:\/\/maler-buettner.de\/wp-content\/uploads\/2019\/10\/privathaus-1_2830.jpg 500w, https:\/\/maler-buettner.de\/wp-content\/uploads\/2019\/10\/privathaus-1_2830-300x197.jpg 300w\" sizes=\"(max-width: 500px) 100vw, 500px\" \/><\/a><figcaption>Privathaus<\/figcaption><\/figure>\n\n\n\n<p><\/p>\n<\/div>\n\n\n\n<div class=\"wp-block-column\">\n<figure class=\"wp-block-image\"><a href=\"https:\/\/maler-buettner.de\/?page_id=152\"><img loading=\"lazy\" width=\"500\" height=\"328\" src=\"https:\/\/maler-buettner.de\/wp-content\/uploads\/2019\/10\/mfh-kostheim_3020.jpg\" alt=\"\" class=\"wp-image-65\" srcset=\"https:\/\/maler-buettner.de\/wp-content\/uploads\/2019\/10\/mfh-kostheim_3020.jpg 500w, https:\/\/maler-buettner.de\/wp-content\/uploads\/2019\/10\/mfh-kostheim_3020-300x197.jpg 300w\" sizes=\"(max-width: 500px) 100vw, 500px\" \/><\/a><figcaption>Mehrfamilienhaus Mainz-Kostheim<\/figcaption><\/figure>\n\n\n\n<figure class=\"wp-block-image\"><a href=\"https:\/\/maler-buettner.de\/?page_id=174\"><img loading=\"lazy\" width=\"500\" height=\"328\" src=\"https:\/\/maler-buettner.de\/wp-content\/uploads\/2019\/10\/gl-kayser_2845.jpg\" alt=\"\" class=\"wp-image-67\" srcset=\"https:\/\/maler-buettner.de\/wp-content\/uploads\/2019\/10\/gl-kayser_2845.jpg 500w, https:\/\/maler-buettner.de\/wp-content\/uploads\/2019\/10\/gl-kayser_2845-300x197.jpg 300w\" sizes=\"(max-width: 500px) 100vw, 500px\" \/><\/a><figcaption>G.L. Kayser Hauptverwaltung<\/figcaption><\/figure>\n\n\n\n<figure class=\"wp-block-image\"><a href=\"https:\/\/maler-buettner.de\/?page_id=187\"><img loading=\"lazy\" width=\"500\" height=\"328\" src=\"https:\/\/maler-buettner.de\/wp-content\/uploads\/2019\/10\/wfb_2910.jpg\" alt=\"\" class=\"wp-image-68\" srcset=\"https:\/\/maler-buettner.de\/wp-content\/uploads\/2019\/10\/wfb_2910.jpg 500w, https:\/\/maler-buettner.de\/wp-content\/uploads\/2019\/10\/wfb_2910-300x197.jpg 300w\" sizes=\"(max-width: 500px) 100vw, 500px\" \/><\/a><figcaption>Werkst\u00e4tten f\u00fcr behinderte Menschen<\/figcaption><\/figure>\n\n\n\n<figure class=\"wp-block-image\"><a href=\"https:\/\/maler-buettner.de\/?page_id=197\"><img loading=\"lazy\" width=\"500\" height=\"328\" src=\"https:\/\/maler-buettner.de\/wp-content\/uploads\/2019\/10\/privathaus-2_2889.jpg\" alt=\"\" class=\"wp-image-71\" srcset=\"https:\/\/maler-buettner.de\/wp-content\/uploads\/2019\/10\/privathaus-2_2889.jpg 500w, https:\/\/maler-buettner.de\/wp-content\/uploads\/2019\/10\/privathaus-2_2889-300x197.jpg 300w\" sizes=\"(max-width: 500px) 100vw, 500px\" \/><\/a><figcaption>Privathaus<\/figcaption><\/figure>\n\n\n\n<figure class=\"wp-block-image\"><a href=\"https:\/\/maler-buettner.de\/?page_id=218\"><img loading=\"lazy\" width=\"500\" height=\"328\" src=\"https:\/\/maler-buettner.de\/wp-content\/uploads\/2019\/10\/swr_2929.jpg\" alt=\"\" class=\"wp-image-73\" srcset=\"https:\/\/maler-buettner.de\/wp-content\/uploads\/2019\/10\/swr_2929.jpg 500w, https:\/\/maler-buettner.de\/wp-content\/uploads\/2019\/10\/swr_2929-300x197.jpg 300w\" sizes=\"(max-width: 500px) 100vw, 500px\" \/><\/a><figcaption>SWR Neubau &#8222;Haus am Tor&#8220;<\/figcaption><\/figure>\n\n\n\n<figure class=\"wp-block-image\"><a href=\"https:\/\/maler-buettner.de\/?page_id=273\"><img loading=\"lazy\" width=\"1024\" height=\"683\" src=\"https:\/\/maler-buettner.de\/wp-content\/uploads\/2021\/10\/rcmainz-01-1024x683.jpg\" alt=\"\" class=\"wp-image-270\" srcset=\"https:\/\/maler-buettner.de\/wp-content\/uploads\/2021\/10\/rcmainz-01-1024x683.jpg 1024w, https:\/\/maler-buettner.de\/wp-content\/uploads\/2021\/10\/rcmainz-01-300x200.jpg 300w, https:\/\/maler-buettner.de\/wp-content\/uploads\/2021\/10\/rcmainz-01-768x512.jpg 768w, https:\/\/maler-buettner.de\/wp-content\/uploads\/2021\/10\/rcmainz-01.jpg 1920w\" sizes=\"(max-width: 1024px) 100vw, 1024px\" \/><\/a><figcaption>Ramon Chormann Theater Mainz<\/figcaption><\/figure>\n\n\n\n<div class=\"wp-block-columns has-2-columns\">\n<div class=\"wp-block-column\">\n<p><\/p>\n<\/div>\n\n\n\n<div class=\"wp-block-column\"><\/div>\n<\/div>\n<\/div>\n<\/div>\n","protected":false},"excerpt":{"rendered":"<p>Namhafte Kunden (er)h\u00e4lt man durch Qualit\u00e4t und Zuverl\u00e4ssigkeit<\/p>\n","protected":false},"author":1,"featured_media":0,"parent":0,"menu_order":0,"comment_status":"closed","ping_status":"closed","template":"","meta":[],"_links":{"self":[{"href":"https:\/\/maler-buettner.de\/index.php?rest_route=\/wp\/v2\/pages\/15"}],"collection":[{"href":"https:\/\/maler-buettner.de\/index.php?rest_route=\/wp\/v2\/pages"}],"about":[{"href":"https:\/\/maler-buettner.de\/index.php?rest_route=\/wp\/v2\/types\/page"}],"author":[{"embeddable":true,"href":"https:\/\/maler-buettner.de\/index.php?rest_route=\/wp\/v2\/users\/1"}],"replies":[{"embeddable":true,"href":"https:\/\/maler-buettner.de\/index.php?rest_route=%2Fwp%2Fv2%2Fcomments&post=15"}],"version-history":[{"count":7,"href":"https:\/\/maler-buettner.de\/index.php?rest_route=\/wp\/v2\/pages\/15\/revisions"}],"predecessor-version":[{"id":282,"href":"https:\/\/maler-buettner.de\/index.php?rest_route=\/wp\/v2\/pages\/15\/revisions\/282"}],"wp:attachment":[{"href":"https:\/\/maler-buettner.de\/index.php?rest_route=%2Fwp%2Fv2%2Fmedia&parent=15"}],"curies":[{"name":"wp","href":"https:\/\/api.w.org\/{rel}","templated":true}]}}